{"id":62,"date":"2024-03-13T18:12:24","date_gmt":"2024-03-13T17:12:24","guid":{"rendered":"https:\/\/belezastone.mx\/index.php\/home\/"},"modified":"2024-05-13T19:24:27","modified_gmt":"2024-05-13T17:24:27","slug":"inicio","status":"publish","type":"page","link":"https:\/\/belezastone.mx\/","title":{"rendered":"Inicio"},"content":{"rendered":"\t\t<div data-elementor-type=\"wp-page\" data-elementor-id=\"62\" class=\"elementor elementor-62\" data-elementor-post-type=\"page\">\n\t\t\t\t<div class=\"elementor-element elementor-element-25e4a2c1 e-con-full e-flex e-con e-parent\" data-id=\"25e4a2c1\" data-element_type=\"container\" data-core-v316-plus=\"true\">\n\t\t<div class=\"elementor-element elementor-element-7188cae7 e-con-full e-flex e-con e-child\" data-id=\"7188cae7\" data-element_type=\"container\" data-settings=\"{&quot;background_background&quot;:&quot;slideshow&quot;,&quot;background_slideshow_gallery&quot;:[{&quot;id&quot;:387,&quot;url&quot;:&quot;https:\\\/\\\/belezastone.mx\\\/wp-content\\\/uploads\\\/2024\\\/04\\\/pexels-vika-glitter-3745525.jpg&quot;},{&quot;id&quot;:388,&quot;url&quot;:&quot;https:\\\/\\\/belezastone.mx\\\/wp-content\\\/uploads\\\/2024\\\/04\\\/pexels-vecislavas-popa-3741317.jpg&quot;},{&quot;id&quot;:389,&quot;url&quot;:&quot;https:\\\/\\\/belezastone.mx\\\/wp-content\\\/uploads\\\/2024\\\/04\\\/pexels-max-vakhtbovycn-6283961.jpg&quot;},{&quot;id&quot;:390,&quot;url&quot;:&quot;https:\\\/\\\/belezastone.mx\\\/wp-content\\\/uploads\\\/2024\\\/04\\\/pexels-pixabay-279648.jpg&quot;}],&quot;background_slideshow_loop&quot;:&quot;yes&quot;,&quot;background_slideshow_slide_duration&quot;:5000,&quot;background_slideshow_slide_transition&quot;:&quot;fade&quot;,&quot;background_slideshow_transition_duration&quot;:500}\">\n\t\t\t\t<div class=\"elementor-element elementor-element-478d6812 elementor-cta--skin-cover elementor-widget elementor-widget-call-to-action\" data-id=\"478d6812\" data-element_type=\"widget\" data-widget_type=\"call-to-action.default\">\n\t\t\t\t<div class=\"elementor-widget-container\">\n\t\t\t<link rel=\"stylesheet\" href=\"https:\/\/belezastone.mx\/wp-content\/plugins\/elementor-pro\/assets\/css\/widget-call-to-action.min.css\">\t\t<div class=\"elementor-cta\">\n\t\t\t\t\t<div class=\"elementor-cta__bg-wrapper\">\n\t\t\t\t<div class=\"elementor-cta__bg elementor-bg\" style=\"background-image: url();\" role=\"img\" aria-label=\"\"><\/div>\n\t\t\t\t<div class=\"elementor-cta__bg-overlay\"><\/div>\n\t\t\t<\/div>\n\t\t\t\t\t\t\t<div class=\"elementor-cta__content\">\n\t\t\t\t\n\t\t\t\t\t\t\t\t\t<h1 class=\"elementor-cta__title elementor-cta__content-item elementor-content-item\">\n\t\t\t\t\t\tBienvenido a Beleza Stone\t\t\t\t\t<\/h1>\n\t\t\t\t\n\t\t\t\t\t\t\t\t\t<div class=\"elementor-cta__description elementor-cta__content-item elementor-content-item\">\n\t\t\t\t\t\tel lugar perfecto para darle un toque de  elegancia a tu hogar!\t\t\t\t\t<\/div>\n\t\t\t\t\n\t\t\t\t\t\t\t\t\t<div class=\"elementor-cta__button-wrapper elementor-cta__content-item elementor-content-item \">\n\t\t\t\t\t<a class=\"elementor-cta__button elementor-button elementor-size-sm\" href=\"https:\/\/belezastone.mx\/index.php\/contacto\/\">\n\t\t\t\t\t\tContacto  \u27f6\t\t\t\t\t<\/a>\n\t\t\t\t\t<\/div>\n\t\t\t\t\t\t\t<\/div>\n\t\t\t\t\t\t<\/div>\n\t\t\t\t<\/div>\n\t\t\t\t<\/div>\n\t\t\t\t<\/div>\n\t\t\t\t<\/div>\n\t\t<div class=\"elementor-element elementor-element-2b62b603 elementor-hidden-phone e-flex e-con-boxed e-con e-parent\" data-id=\"2b62b603\" data-element_type=\"container\" data-settings=\"{&quot;background_background&quot;:&quot;classic&quot;}\" data-core-v316-plus=\"true\">\n\t\t\t\t\t<div class=\"e-con-inner\">\n\t\t\t\t<div class=\"elementor-element elementor-element-5816937d elementor-widget__width-initial elementor-align-center elementor-widget elementor-widget-lottie\" data-id=\"5816937d\" data-element_type=\"widget\" data-settings=\"{&quot;source_json&quot;:{&quot;url&quot;:&quot;https:\\\/\\\/belezastone.mx\\\/wp-content\\\/uploads\\\/2024\\\/03\\\/18110-common-arrow-white2.json&quot;,&quot;id&quot;:&quot;31&quot;,&quot;size&quot;:&quot;&quot;},&quot;link_to&quot;:&quot;custom&quot;,&quot;custom_link&quot;:{&quot;url&quot;:&quot;#dinnerware&quot;,&quot;is_external&quot;:&quot;&quot;,&quot;nofollow&quot;:&quot;&quot;,&quot;custom_attributes&quot;:&quot;&quot;},&quot;loop&quot;:&quot;yes&quot;,&quot;play_speed&quot;:{&quot;unit&quot;:&quot;px&quot;,&quot;size&quot;:&quot;0.3&quot;,&quot;sizes&quot;:[]},&quot;lazyload&quot;:&quot;yes&quot;,&quot;source&quot;:&quot;media_file&quot;,&quot;caption_source&quot;:&quot;none&quot;,&quot;trigger&quot;:&quot;arriving_to_viewport&quot;,&quot;viewport&quot;:{&quot;unit&quot;:&quot;%&quot;,&quot;size&quot;:&quot;&quot;,&quot;sizes&quot;:{&quot;start&quot;:0,&quot;end&quot;:100}},&quot;start_point&quot;:{&quot;unit&quot;:&quot;%&quot;,&quot;size&quot;:&quot;0&quot;,&quot;sizes&quot;:[]},&quot;end_point&quot;:{&quot;unit&quot;:&quot;%&quot;,&quot;size&quot;:&quot;100&quot;,&quot;sizes&quot;:[]},&quot;renderer&quot;:&quot;svg&quot;}\" data-widget_type=\"lottie.default\">\n\t\t\t\t<div class=\"elementor-widget-container\">\n\t\t\t<style>\/*! elementor-pro - v3.17.0 - 25-10-2023 *\/\n.e-lottie__container{display:inline-block;max-width:var(--lottie-container-max-width);width:var(--lottie-container-width);opacity:var(--lottie-container-opacity)}.e-lottie__container:hover{opacity:var(--lottie-container-opacity-hover);transition-duration:var(--lottie-container-transition-duration-hover)}.e-lottie__container svg,.e-lottie__container svg *{transition:none!important}.e-lottie__caption{color:var(--caption-color);margin-top:var(--caption-margin-top);text-align:var(--caption-text-align)}<\/style><a class=\"e-lottie__container__link\" href=\"#dinnerware\"><div class=\"e-lottie__container\"><div class=\"e-lottie__animation\"><\/div><\/div><\/a>\t\t<\/div>\n\t\t\t\t<\/div>\n\t\t\t\t\t<\/div>\n\t\t\t\t<\/div>\n\t\t<div class=\"elementor-element elementor-element-276c71d e-flex e-con-boxed e-con e-parent\" data-id=\"276c71d\" data-element_type=\"container\" data-core-v316-plus=\"true\">\n\t\t\t\t\t<div class=\"e-con-inner\">\n\t\t<div class=\"elementor-element elementor-element-c63b40a e-con-full e-flex e-con e-child\" data-id=\"c63b40a\" data-element_type=\"container\">\n\t\t\t\t<div class=\"elementor-element elementor-element-a120224 elementor-position-top elementor-widget elementor-widget-image-box\" data-id=\"a120224\" data-element_type=\"widget\" data-widget_type=\"image-box.default\">\n\t\t\t\t<div class=\"elementor-widget-container\">\n\t\t\t<style>\/*! elementor - v3.20.0 - 13-03-2024 *\/\n.elementor-widget-image-box .elementor-image-box-content{width:100%}@media (min-width:768px){.elementor-widget-image-box.elementor-position-left .elementor-image-box-wrapper,.elementor-widget-image-box.elementor-position-right .elementor-image-box-wrapper{display:flex}.elementor-widget-image-box.elementor-position-right .elementor-image-box-wrapper{text-align:right;flex-direction:row-reverse}.elementor-widget-image-box.elementor-position-left .elementor-image-box-wrapper{text-align:left;flex-direction:row}.elementor-widget-image-box.elementor-position-top .elementor-image-box-img{margin:auto}.elementor-widget-image-box.elementor-vertical-align-top .elementor-image-box-wrapper{align-items:flex-start}.elementor-widget-image-box.elementor-vertical-align-middle .elementor-image-box-wrapper{align-items:center}.elementor-widget-image-box.elementor-vertical-align-bottom .elementor-image-box-wrapper{align-items:flex-end}}@media (max-width:767px){.elementor-widget-image-box .elementor-image-box-img{margin-left:auto!important;margin-right:auto!important;margin-bottom:15px}}.elementor-widget-image-box .elementor-image-box-img{display:inline-block}.elementor-widget-image-box .elementor-image-box-title a{color:inherit}.elementor-widget-image-box .elementor-image-box-wrapper{text-align:center}.elementor-widget-image-box .elementor-image-box-description{margin:0}<\/style><div class=\"elementor-image-box-wrapper\"><figure class=\"elementor-image-box-img\"><a href=\"https:\/\/belezastone.mx\/index.php\/granitos-brasilenos\/\" tabindex=\"-1\"><img fetchpriority=\"high\" decoding=\"async\" width=\"1200\" height=\"1200\" src=\"https:\/\/belezastone.mx\/wp-content\/uploads\/2024\/05\/Granito-Sky-Falls.jpg\" class=\"attachment-full size-full wp-image-443\" alt=\"\" srcset=\"https:\/\/belezastone.mx\/wp-content\/uploads\/2024\/05\/Granito-Sky-Falls.jpg 1200w, https:\/\/belezastone.mx\/wp-content\/uploads\/2024\/05\/Granito-Sky-Falls-300x300.jpg 300w, https:\/\/belezastone.mx\/wp-content\/uploads\/2024\/05\/Granito-Sky-Falls-1024x1024.jpg 1024w, https:\/\/belezastone.mx\/wp-content\/uploads\/2024\/05\/Granito-Sky-Falls-150x150.jpg 150w, https:\/\/belezastone.mx\/wp-content\/uploads\/2024\/05\/Granito-Sky-Falls-768x768.jpg 768w, https:\/\/belezastone.mx\/wp-content\/uploads\/2024\/05\/Granito-Sky-Falls-600x600.jpg 600w, https:\/\/belezastone.mx\/wp-content\/uploads\/2024\/05\/Granito-Sky-Falls-100x100.jpg 100w\" sizes=\"(max-width: 1200px) 100vw, 1200px\" \/><\/a><\/figure><div class=\"elementor-image-box-content\"><h3 class=\"elementor-image-box-title\"><a href=\"https:\/\/belezastone.mx\/index.php\/granitos-brasilenos\/\">Granitos Brasileno<\/a><\/h3><p class=\"elementor-image-box-description\">El granito es la elecci\u00f3n perfecta para quienes buscan durabilidad sin comprometer la belleza. <\/p><\/div><\/div>\t\t<\/div>\n\t\t\t\t<\/div>\n\t\t\t\t<\/div>\n\t\t<div class=\"elementor-element elementor-element-53b214b e-con-full e-flex e-con e-child\" data-id=\"53b214b\" data-element_type=\"container\">\n\t\t\t\t<div class=\"elementor-element elementor-element-ca3d8cf elementor-position-top elementor-widget elementor-widget-image-box\" data-id=\"ca3d8cf\" data-element_type=\"widget\" data-widget_type=\"image-box.default\">\n\t\t\t\t<div class=\"elementor-widget-container\">\n\t\t\t<div class=\"elementor-image-box-wrapper\"><figure class=\"elementor-image-box-img\"><a href=\"https:\/\/belezastone.mx\/index.php\/about\/\" tabindex=\"-1\"><img decoding=\"async\" src=\"https:\/\/belezastone.mx\/wp-content\/uploads\/elementor\/thumbs\/Marmol-Fiorito-amarillo-qo3z9cl1wwrcrvddaobdobz4qxziipaopjatqwb0uo.jpg\" title=\"Ma\u0301rmol Fiorito amarillo\" alt=\"Ma\u0301rmol Fiorito amarillo\" loading=\"lazy\" \/><\/a><\/figure><div class=\"elementor-image-box-content\"><h3 class=\"elementor-image-box-title\"><a href=\"https:\/\/belezastone.mx\/index.php\/about\/\">Marmoles Nacionales<\/a><\/h3><p class=\"elementor-image-box-description\">Descubra la elegancia atemporal del m\u00e1rmol, una piedra natural que eleva instant\u00e1neamente el estatus de cualquier espacio. <\/p><\/div><\/div>\t\t<\/div>\n\t\t\t\t<\/div>\n\t\t\t\t<\/div>\n\t\t<div class=\"elementor-element elementor-element-378b33c e-con-full e-flex e-con e-child\" data-id=\"378b33c\" data-element_type=\"container\">\n\t\t\t\t<div class=\"elementor-element elementor-element-df6a954 elementor-position-top elementor-widget elementor-widget-image-box\" data-id=\"df6a954\" data-element_type=\"widget\" data-widget_type=\"image-box.default\">\n\t\t\t\t<div class=\"elementor-widget-container\">\n\t\t\t<div class=\"elementor-image-box-wrapper\"><figure class=\"elementor-image-box-img\"><a href=\"https:\/\/belezastone.mx\/index.php\/cuarzos\/\" tabindex=\"-1\"><img decoding=\"async\" src=\"https:\/\/belezastone.mx\/wp-content\/uploads\/elementor\/thumbs\/Cuarzita-Le-blanc-qo3xbgb3pf2rfqwefyn3rgy6ighx4yt8rkw015xxjk.jpg\" title=\"Cuarzita Le blanc\" alt=\"Cuarzita Le blanc\" loading=\"lazy\" \/><\/a><\/figure><div class=\"elementor-image-box-content\"><h3 class=\"elementor-image-box-title\"><a href=\"https:\/\/belezastone.mx\/index.php\/cuarzos\/\">Cuarzos <br>\u00ba<\/a><\/h3><p class=\"elementor-image-box-description\">El cuarzo combina lo mejor de la naturaleza y la tecnolog\u00eda, ofreciendo una superficie vers\u00e1til y atractiva que se adapta a cualquier estilo de dise\u00f1o.<\/p><\/div><\/div>\t\t<\/div>\n\t\t\t\t<\/div>\n\t\t\t\t<\/div>\n\t\t\t\t\t<\/div>\n\t\t\t\t<\/div>\n\t\t<div class=\"elementor-element elementor-element-76dadb77 e-con-full e-flex e-con e-parent\" data-id=\"76dadb77\" data-element_type=\"container\" data-core-v316-plus=\"true\">\n\t\t<div class=\"elementor-element elementor-element-132065bb e-con-full e-flex e-con e-child\" data-id=\"132065bb\" data-element_type=\"container\" data-settings=\"{&quot;background_background&quot;:&quot;video&quot;,&quot;background_video_link&quot;:&quot;https:\\\/\\\/belezastone.mx\\\/wp-content\\\/uploads\\\/2024\\\/04\\\/BELEZA-11-1.mp4&quot;,&quot;background_video_start&quot;:0,&quot;background_play_on_mobile&quot;:&quot;yes&quot;}\">\n\t\t<div class=\"elementor-background-video-container\">\n\t\t\t\t\t\t\t<video class=\"elementor-background-video-hosted elementor-html5-video\" autoplay muted playsinline loop><\/video>\n\t\t\t\t\t<\/div>\t\t<\/div>\n\t\t<div class=\"elementor-element elementor-element-73effe6e e-con-full e-flex e-con e-child\" data-id=\"73effe6e\" data-element_type=\"container\" data-settings=\"{&quot;background_background&quot;:&quot;classic&quot;}\">\n\t\t\t\t<div class=\"elementor-element elementor-element-a0820fd elementor-widget elementor-widget-image\" data-id=\"a0820fd\" data-element_type=\"widget\" data-widget_type=\"image.default\">\n\t\t\t\t<div class=\"elementor-widget-container\">\n\t\t\t<style>\/*! elementor - v3.20.0 - 13-03-2024 *\/\n.elementor-widget-image{text-align:center}.elementor-widget-image a{display:inline-block}.elementor-widget-image a img[src$=\".svg\"]{width:48px}.elementor-widget-image img{vertical-align:middle;display:inline-block}<\/style>\t\t\t\t\t\t\t\t\t\t<img decoding=\"async\" width=\"800\" height=\"800\" src=\"https:\/\/belezastone.mx\/wp-content\/uploads\/2024\/03\/2-2-1024x1024.png\" class=\"attachment-large size-large wp-image-240\" alt=\"\" srcset=\"https:\/\/belezastone.mx\/wp-content\/uploads\/2024\/03\/2-2-1024x1024.png 1024w, https:\/\/belezastone.mx\/wp-content\/uploads\/2024\/03\/2-2-300x300.png 300w, https:\/\/belezastone.mx\/wp-content\/uploads\/2024\/03\/2-2-150x150.png 150w, https:\/\/belezastone.mx\/wp-content\/uploads\/2024\/03\/2-2-768x768.png 768w, https:\/\/belezastone.mx\/wp-content\/uploads\/2024\/03\/2-2-600x600.png 600w, https:\/\/belezastone.mx\/wp-content\/uploads\/2024\/03\/2-2-100x100.png 100w, https:\/\/belezastone.mx\/wp-content\/uploads\/2024\/03\/2-2.png 1080w\" sizes=\"(max-width: 800px) 100vw, 800px\" \/>\t\t\t\t\t\t\t\t\t\t\t\t\t<\/div>\n\t\t\t\t<\/div>\n\t\t\t\t<div class=\"elementor-element elementor-element-3e3e4f5c elementor-cta--skin-cover elementor-widget elementor-widget-call-to-action\" data-id=\"3e3e4f5c\" data-element_type=\"widget\" data-widget_type=\"call-to-action.default\">\n\t\t\t\t<div class=\"elementor-widget-container\">\n\t\t\t\t\t<div class=\"elementor-cta\">\n\t\t\t\t\t<div class=\"elementor-cta__bg-wrapper\">\n\t\t\t\t<div class=\"elementor-cta__bg elementor-bg\" style=\"background-image: url();\" role=\"img\" aria-label=\"\"><\/div>\n\t\t\t\t<div class=\"elementor-cta__bg-overlay\"><\/div>\n\t\t\t<\/div>\n\t\t\t\t\t\t\t<div class=\"elementor-cta__content\">\n\t\t\t\t\n\t\t\t\t\t\t\t\t\t<h3 class=\"elementor-cta__title elementor-cta__content-item elementor-content-item\">\n\t\t\t\t\t\tTenemos la piedra natural\t\t\t\t\t<\/h3>\n\t\t\t\t\n\t\t\t\t\t\t\t\t\t<div class=\"elementor-cta__description elementor-cta__content-item elementor-content-item\">\n\t\t\t\t\t\tQue estas buscando para tu negoci\u00f3 o hogar\t\t\t\t\t<\/div>\n\t\t\t\t\n\t\t\t\t\t\t\t\t\t<div class=\"elementor-cta__button-wrapper elementor-cta__content-item elementor-content-item \">\n\t\t\t\t\t<a class=\"elementor-cta__button elementor-button elementor-size-sm\" href=\"https:\/\/belezastone.mx\/index.php\/contact\/\">\n\t\t\t\t\t\tContactanos  \u27f6\t\t\t\t\t<\/a>\n\t\t\t\t\t<\/div>\n\t\t\t\t\t\t\t<\/div>\n\t\t\t\t\t\t<\/div>\n\t\t\t\t<\/div>\n\t\t\t\t<\/div>\n\t\t\t\t<\/div>\n\t\t\t\t<\/div>\n\t\t\t\t<\/div>\n\t\t","protected":false},"excerpt":{"rendered":"<p>Bienvenido a Beleza Stone el lugar perfecto para darle un toque de elegancia a tu hogar! Contacto \u27f6 Granitos Brasileno El granito es la elecci\u00f3n perfecta para quienes buscan durabilidad sin comprometer la belleza. Marmoles Nacionales Descubra la elegancia atemporal del m\u00e1rmol, una piedra natural que eleva instant\u00e1neamente el estatus de cualquier espacio. Cuarzos \u00ba [&hellip;]<\/p>\n","protected":false},"author":1,"featured_media":75,"parent":0,"menu_order":0,"comment_status":"closed","ping_status":"closed","template":"elementor_header_footer","meta":{"footnotes":"","_joinchat":[]},"_links":{"self":[{"href":"https:\/\/belezastone.mx\/index.php\/wp-json\/wp\/v2\/pages\/62"}],"collection":[{"href":"https:\/\/belezastone.mx\/index.php\/wp-json\/wp\/v2\/pages"}],"about":[{"href":"https:\/\/belezastone.mx\/index.php\/wp-json\/wp\/v2\/types\/page"}],"author":[{"embeddable":true,"href":"https:\/\/belezastone.mx\/index.php\/wp-json\/wp\/v2\/users\/1"}],"replies":[{"embeddable":true,"href":"https:\/\/belezastone.mx\/index.php\/wp-json\/wp\/v2\/comments?post=62"}],"version-history":[{"count":47,"href":"https:\/\/belezastone.mx\/index.php\/wp-json\/wp\/v2\/pages\/62\/revisions"}],"predecessor-version":[{"id":486,"href":"https:\/\/belezastone.mx\/index.php\/wp-json\/wp\/v2\/pages\/62\/revisions\/486"}],"wp:featuredmedia":[{"embeddable":true,"href":"https:\/\/belezastone.mx\/index.php\/wp-json\/wp\/v2\/media\/75"}],"wp:attachment":[{"href":"https:\/\/belezastone.mx\/index.php\/wp-json\/wp\/v2\/media?parent=62"}],"curies":[{"name":"wp","href":"https:\/\/api.w.org\/{rel}","templated":true}]}}